{"id":982273,"date":"2026-03-14T18:45:20","date_gmt":"2026-03-15T00:45:20","guid":{"rendered":"https:\/\/flyhi.com\/aurora\/shop\/uncategorized\/loves-oven-bar-creme-brulee-100mg\/"},"modified":"2026-03-19T19:49:19","modified_gmt":"2026-03-20T01:49:19","slug":"loves-oven-bar-creme-brulee-100mg","status":"publish","type":"product","link":"https:\/\/flyhi.com\/aurora\/shop\/edibles\/baked-goods\/loves-oven-bar-creme-brulee-100mg\/","title":{"rendered":"Love&#8217;s Oven Bar Creme Brulee 100mg"},"content":{"rendered":"<p>A unique take on the classic French, self-indulgent dessert, Cr\u00e8me Br\u00fbl\u00e9e. This treat is a sweet and crunchy cookie-bar, topped with a browned butter salted caramel drizzle. Two 10mg THC bars are packaged together in one pouch.<\/p>\n","protected":false},"excerpt":{"rendered":"<p>A unique take on the classic French, self-indulgent dessert, Cr\u00e8me Br\u00fbl\u00e9e. This treat is a sweet and crunchy cookie-bar, topped with a browned butter salted caramel drizzle. Two 10mg THC bars are packaged together in one pouch.<\/p>\n","protected":false},"featured_media":982274,"comment_status":"","ping_status":"closed","template":"","meta":{"_seopress_robots_primary_cat":"","_seopress_titles_title":"","_seopress_titles_desc":"","_seopress_robots_index":""},"product_brand":[],"product_cat":[744],"product_tag":[],"class_list":{"0":"post-982273","1":"product","2":"type-product","3":"status-publish","4":"has-post-thumbnail","6":"product_cat-baked-goods","7":"pa_brand-loves-oven-bar","9":"first","10":"instock","11":"shipping-taxable","12":"purchasable","13":"product-type-simple"},"_links":{"self":[{"href":"https:\/\/flyhi.com\/aurora\/wp-json\/wp\/v2\/product\/982273","targetHints":{"allow":["GET"]}}],"collection":[{"href":"https:\/\/flyhi.com\/aurora\/wp-json\/wp\/v2\/product"}],"about":[{"href":"https:\/\/flyhi.com\/aurora\/wp-json\/wp\/v2\/types\/product"}],"replies":[{"embeddable":true,"href":"https:\/\/flyhi.com\/aurora\/wp-json\/wp\/v2\/comments?post=982273"}],"version-history":[{"count":0,"href":"https:\/\/flyhi.com\/aurora\/wp-json\/wp\/v2\/product\/982273\/revisions"}],"wp:featuredmedia":[{"embeddable":true,"href":"https:\/\/flyhi.com\/aurora\/wp-json\/wp\/v2\/media\/982274"}],"wp:attachment":[{"href":"https:\/\/flyhi.com\/aurora\/wp-json\/wp\/v2\/media?parent=982273"}],"wp:term":[{"taxonomy":"product_brand","embeddable":true,"href":"https:\/\/flyhi.com\/aurora\/wp-json\/wp\/v2\/product_brand?post=982273"},{"taxonomy":"product_cat","embeddable":true,"href":"https:\/\/flyhi.com\/aurora\/wp-json\/wp\/v2\/product_cat?post=982273"},{"taxonomy":"product_tag","embeddable":true,"href":"https:\/\/flyhi.com\/aurora\/wp-json\/wp\/v2\/product_tag?post=982273"}],"curies":[{"name":"wp","href":"https:\/\/api.w.org\/{rel}","templated":true}]}}